{"id":24145,"date":"2024-07-11T17:28:45","date_gmt":"2024-07-11T17:28:45","guid":{"rendered":"https:\/\/www.qureca.com\/?page_id=24145"},"modified":"2024-07-11T17:29:32","modified_gmt":"2024-07-11T17:29:32","slug":"online-training-courses","status":"publish","type":"page","link":"https:\/\/www.qureca.com\/fr\/formation-quantique\/online-training-courses\/","title":{"rendered":"Cours et formations en ligne"},"content":{"rendered":"<section class=\"l-section wpb_row height_auto full_height valign_center with_img parallax_ver parallaxdir_reversed with_shape\" id=\"acc\"><div class=\"l-section-img\" role=\"img\" aria-label=\"Image\" data-img-width=\"2560\" data-img-height=\"1083\" style=\"background-image: url(https:\/\/www.qureca.com\/wp-content\/uploads\/2022\/06\/AdobeStock_442449827-scaled.jpeg);\"><\/div><div class=\"l-section-overlay\" style=\"background:linear-gradient(155deg,rgba(3,36,48,0.629541015625),#032430)\"><\/div><div class=\"l-section-shape type_tilt pos_bottom on_front hor_flip\" style=\"height:10vmin;color:var(--color-header-middle-bg)\"><svg xmlns=\"http:\/\/www.w3.org\/2000\/svg\" viewBox=\"0 0 64 8\" preserveAspectRatio=\"none\" width=\"100%\" height=\"100%\">\r\n\t<path fill=\"currentColor\" d=\"M64 7.9 L64 10 L0 10 L0 0 Z\"\/>\r\n<\/svg><\/div><div class=\"l-section-h i-cf\"><div class=\"g-cols vc_row via_flex valign_middle type_boxes stacking_default\"><div class=\"vc_col-sm-8 wpb_column vc_column_container\"><div class=\"vc_column-inner us_custom_38ec8cf5\"><div class=\"wpb_wrapper\"><div class=\"wpb_text_column us_custom_9054da07 has_text_color us_animate_this\"><div class=\"wpb_wrapper\"><h1>Cours et formations en ligne<\/h1>\n<\/div><\/div><div class=\"w-separator size_small\"><\/div><div class=\"wpb_text_column us_custom_f45a5467 has_text_color us_animate_this\"><div class=\"wpb_wrapper\"><h4>Commencez \u00e0 apprendre sur les technologies quantiques gr\u00e2ce \u00e0 nos cours en ligne fournis par des entreprises et des universit\u00e9s de premier plan. Faites le prochain pas dans votre parcours quantique.<\/h4>\n<\/div><\/div><div class=\"w-separator size_medium\"><\/div><div class=\"w-btn-wrapper align_none\"><a class=\"w-btn us-btn-style_5\" href=\"https:\/\/lms.qureca.com\/catalogue\"><span class=\"w-btn-label\">D\u00e9couvrez les cours<\/span><\/a><\/div><\/div><\/div><\/div><div class=\"vc_col-sm-4 wpb_column vc_column_container\"><div class=\"vc_column-inner\"><div class=\"wpb_wrapper\"><\/div><\/div><\/div><\/div><\/div><\/section><section class=\"l-section wpb_row us_custom_8a398476 height_medium\" id=\"biz-dev\"><div class=\"l-section-h i-cf\"><div class=\"g-cols vc_row via_flex valign_middle type_default stacking_default\"><div class=\"vc_col-sm-12 wpb_column vc_column_container\"><div class=\"vc_column-inner\"><div class=\"wpb_wrapper\"><div class=\"wpb_text_column us_custom_2c45f91b\"><div class=\"wpb_wrapper\"><h2 style=\"text-align: center;\">Fonctionnalit\u00e9s de QURECA<\/h2>\n<h3 style=\"text-align: center;\">\u00c9levez votre compr\u00e9hension gr\u00e2ce aux cours en ligne offerts par des entreprises et des universit\u00e9s de premier plan, franchissant l&rsquo;\u00e9tape cruciale suivante dans votre voyage dans le domaine des technologies quantiques.<\/h3>\n<\/div><\/div><div class=\"w-separator size_medium\"><\/div><div class=\"w-separator size_medium\"><\/div><div class=\"g-cols wpb_row via_flex valign_top type_default stacking_default\" style=\"--additional-gap:1rem;\"><div class=\"vc_col-sm-4 wpb_column vc_column_container has_bg_color\"><div class=\"vc_column-inner us_custom_1af942f4\"><div class=\"wpb_wrapper\"><div class=\"wpb_text_column\"><div class=\"wpb_wrapper\"><h4>Formation Compl\u00e8te<\/h4>\n<p>Apprenez les concepts fondamentaux des technologies quantiques et de leur domaine \u00e0 votre propre rythme.<\/p>\n<\/div><\/div><\/div><\/div><\/div><div class=\"vc_col-sm-4 wpb_column vc_column_container has_bg_color\"><div class=\"vc_column-inner us_custom_1af942f4\"><div class=\"wpb_wrapper\"><div class=\"wpb_text_column\"><div class=\"wpb_wrapper\"><h4>Apprentissage Pratique<\/h4>\n<p>Acc\u00e9dez aux outils de calcul quantique et pratiquez ce que vous apprenez.<\/p>\n<\/div><\/div><\/div><\/div><\/div><div class=\"vc_col-sm-4 wpb_column vc_column_container has_bg_color\"><div class=\"vc_column-inner us_custom_1af942f4\"><div class=\"wpb_wrapper\"><div class=\"wpb_text_column\"><div class=\"wpb_wrapper\"><h4>\u00c9tudes de Cas R\u00e9elles<\/h4>\n<p>Explorez les potentiels des technologies quantiques et leurs cas d&rsquo;utilisation industriels.<\/p>\n<\/div><\/div><\/div><\/div><\/div><\/div><div class=\"w-separator size_medium\"><\/div><div class=\"g-cols wpb_row via_flex valign_middle type_default stacking_default\" style=\"--additional-gap:1rem;\"><div class=\"vc_col-sm-6 wpb_column vc_column_container has_bg_color\"><div class=\"vc_column-inner us_custom_1af942f4\"><div class=\"wpb_wrapper\"><div class=\"wpb_text_column\"><div class=\"wpb_wrapper\"><h4>Expertise Industrielle<\/h4>\n<p>Cours dispens\u00e9s par des experts en quantique avec une vaste exp\u00e9rience acad\u00e9mique et industrielle.<\/p>\n<\/div><\/div><\/div><\/div><\/div><div class=\"vc_col-sm-6 wpb_column vc_column_container has_bg_color\"><div class=\"vc_column-inner us_custom_1af942f4\"><div class=\"wpb_wrapper\"><div class=\"w-hwrapper valign_middle stack_on_mobiles align_none\" style=\"--hwrapper-gap:1rem\"><div class=\"w-image us_custom_7de8573e align_none\"><div class=\"w-image-h\"><img decoding=\"async\" width=\"300\" height=\"274\" src=\"https:\/\/www.qureca.com\/wp-content\/uploads\/2022\/06\/CPDcertified-300x274.png\" class=\"attachment-medium size-medium\" alt=\"\" loading=\"lazy\" srcset=\"https:\/\/www.qureca.com\/wp-content\/uploads\/2022\/06\/CPDcertified-300x274.png 300w, https:\/\/www.qureca.com\/wp-content\/uploads\/2022\/06\/CPDcertified.png 752w\" sizes=\"auto, (max-width: 300px) 100vw, 300px\" \/><\/div><\/div><div class=\"wpb_text_column\"><div class=\"wpb_wrapper\"><h4>Accr\u00e9ditations Reconnues Mondialement<\/h4>\n<p>Obtenez une certification avec nos cours de formation en ligne certifi\u00e9s CPD.<\/p>\n<\/div><\/div><\/div><\/div><\/div><\/div><\/div><\/div><\/div><\/div><\/div><\/div><\/section><section class=\"l-section wpb_row us_custom_a22405a9 has_text_color height_large with_shape\" id=\"biz-int\"><div class=\"l-section-overlay\" style=\"background:linear-gradient(155deg,rgba(3,36,48,0.629541015625),#032430)\"><\/div><div class=\"l-section-shape type_tilt pos_top\" style=\"height:10vmin;\"><svg xmlns=\"http:\/\/www.w3.org\/2000\/svg\" viewBox=\"0 0 64 8\" preserveAspectRatio=\"none\" width=\"100%\" height=\"100%\">\r\n\t<path fill=\"currentColor\" d=\"M64 7.9 L64 10 L0 10 L0 0 Z\"\/>\r\n<\/svg><\/div><div class=\"l-section-shape type_tilt pos_bottom hor_flip\" style=\"height:10vmin;color:var(--color-header-middle-bg)\"><svg xmlns=\"http:\/\/www.w3.org\/2000\/svg\" viewBox=\"0 0 64 8\" preserveAspectRatio=\"none\" width=\"100%\" height=\"100%\">\r\n\t<path fill=\"currentColor\" d=\"M64 7.9 L64 10 L0 10 L0 0 Z\"\/>\r\n<\/svg><\/div><div class=\"l-section-h i-cf\"><div class=\"g-cols vc_row via_flex valign_middle type_default stacking_default\"><div class=\"vc_col-sm-12 wpb_column vc_column_container\"><div class=\"vc_column-inner\"><div class=\"wpb_wrapper\"><div class=\"wpb_text_column us_custom_2c45f91b\"><div class=\"wpb_wrapper\"><h2 style=\"text-align: center;\">D\u00e9couvrez nos cours sur notre plateforme d&rsquo;apprentissage !<\/h2>\n<\/div><\/div><div class=\"w-separator size_medium\"><\/div><div class=\"w-btn-wrapper align_center\"><a class=\"w-btn us-btn-style_5\" href=\"https:\/\/lms.qureca.com\/catalogue\"><span class=\"w-btn-label\">Acc\u00e9dez \u00e0 la plateforme QURECA<\/span><\/a><\/div><\/div><\/div><\/div><\/div><\/div><\/section>\n","protected":false},"excerpt":{"rendered":"Cours et formations en ligne Commencez \u00e0 apprendre sur les technologies quantiques gr\u00e2ce \u00e0 nos cours en ligne fournis par des entreprises et des universit\u00e9s de premier plan. Faites le...","protected":false},"author":10,"featured_media":23522,"parent":24128,"menu_order":0,"comment_status":"closed","ping_status":"closed","template":"","meta":{"_acf_changed":false,"_price":"","_stock":"","_tribe_ticket_header":"","_tribe_default_ticket_provider":"","_tribe_ticket_capacity":"0","_ticket_start_date":"","_ticket_end_date":"","_tribe_ticket_show_description":"","_tribe_ticket_show_not_going":false,"_tribe_ticket_use_global_stock":"","_tribe_ticket_global_stock_level":"","_global_stock_mode":"","_global_stock_cap":"","_tribe_rsvp_for_event":"","_tribe_ticket_going_count":"","_tribe_ticket_not_going_count":"","_tribe_tickets_list":"[]","_tribe_ticket_has_attendee_info_fields":false,"footnotes":"","_tec_slr_enabled":"","_tec_slr_layout":""},"class_list":["post-24145","page","type-page","status-publish","has-post-thumbnail","hentry"],"acf":[],"yoast_head":"<!-- This site is optimized with the Yoast SEO plugin v27.5 - https:\/\/yoast.com\/product\/yoast-seo-wordpress\/ -->\n<title>Cours et formations en ligne - Qureca<\/title>\n<meta name=\"robots\" content=\"index, follow, max-snippet:-1, max-image-preview:large, max-video-preview:-1\" \/>\n<link rel=\"canonical\" href=\"https:\/\/www.qureca.com\/fr\/formation-quantique\/online-training-courses\/\" \/>\n<meta property=\"og:locale\" content=\"fr_FR\" \/>\n<meta property=\"og:type\" content=\"article\" \/>\n<meta property=\"og:title\" content=\"Cours et formations en ligne - Qureca\" \/>\n<meta property=\"og:url\" content=\"https:\/\/www.qureca.com\/fr\/formation-quantique\/online-training-courses\/\" \/>\n<meta property=\"og:site_name\" content=\"Qureca\" \/>\n<meta property=\"article:modified_time\" content=\"2024-07-11T17:29:32+00:00\" \/>\n<meta property=\"og:image\" content=\"https:\/\/www.qureca.com\/wp-content\/uploads\/2024\/04\/QURECA-we-speak-quantum.png\" \/>\n\t<meta property=\"og:image:width\" content=\"1200\" \/>\n\t<meta property=\"og:image:height\" content=\"628\" \/>\n\t<meta property=\"og:image:type\" content=\"image\/png\" \/>\n<meta name=\"twitter:card\" content=\"summary_large_image\" \/>\n<meta name=\"twitter:label1\" content=\"Dur\u00e9e de lecture estim\u00e9e\" \/>\n\t<meta name=\"twitter:data1\" content=\"2 minutes\" \/>\n<script type=\"application\/ld+json\" class=\"yoast-schema-graph\">{\"@context\":\"https:\\\/\\\/schema.org\",\"@graph\":[{\"@type\":\"WebPage\",\"@id\":\"https:\\\/\\\/www.qureca.com\\\/fr\\\/formation-quantique\\\/online-training-courses\\\/\",\"url\":\"https:\\\/\\\/www.qureca.com\\\/fr\\\/formation-quantique\\\/online-training-courses\\\/\",\"name\":\"Cours et formations en ligne - Qureca\",\"isPartOf\":{\"@id\":\"https:\\\/\\\/www.qureca.com\\\/fr\\\/#website\"},\"primaryImageOfPage\":{\"@id\":\"https:\\\/\\\/www.qureca.com\\\/fr\\\/formation-quantique\\\/online-training-courses\\\/#primaryimage\"},\"image\":{\"@id\":\"https:\\\/\\\/www.qureca.com\\\/fr\\\/formation-quantique\\\/online-training-courses\\\/#primaryimage\"},\"thumbnailUrl\":\"https:\\\/\\\/www.qureca.com\\\/wp-content\\\/uploads\\\/2024\\\/04\\\/QURECA-we-speak-quantum.png\",\"datePublished\":\"2024-07-11T17:28:45+00:00\",\"dateModified\":\"2024-07-11T17:29:32+00:00\",\"breadcrumb\":{\"@id\":\"https:\\\/\\\/www.qureca.com\\\/fr\\\/formation-quantique\\\/online-training-courses\\\/#breadcrumb\"},\"inLanguage\":\"fr-FR\",\"potentialAction\":[{\"@type\":\"ReadAction\",\"target\":[\"https:\\\/\\\/www.qureca.com\\\/fr\\\/formation-quantique\\\/online-training-courses\\\/\"]}]},{\"@type\":\"ImageObject\",\"inLanguage\":\"fr-FR\",\"@id\":\"https:\\\/\\\/www.qureca.com\\\/fr\\\/formation-quantique\\\/online-training-courses\\\/#primaryimage\",\"url\":\"https:\\\/\\\/www.qureca.com\\\/wp-content\\\/uploads\\\/2024\\\/04\\\/QURECA-we-speak-quantum.png\",\"contentUrl\":\"https:\\\/\\\/www.qureca.com\\\/wp-content\\\/uploads\\\/2024\\\/04\\\/QURECA-we-speak-quantum.png\",\"width\":1200,\"height\":628},{\"@type\":\"BreadcrumbList\",\"@id\":\"https:\\\/\\\/www.qureca.com\\\/fr\\\/formation-quantique\\\/online-training-courses\\\/#breadcrumb\",\"itemListElement\":[{\"@type\":\"ListItem\",\"position\":1,\"name\":\"Accueil\",\"item\":\"https:\\\/\\\/www.qureca.com\\\/fr\\\/\"},{\"@type\":\"ListItem\",\"position\":2,\"name\":\"Formation quantique\",\"item\":\"https:\\\/\\\/www.qureca.com\\\/fr\\\/formation-quantique\\\/\"},{\"@type\":\"ListItem\",\"position\":3,\"name\":\"Cours et formations en ligne\"}]},{\"@type\":\"WebSite\",\"@id\":\"https:\\\/\\\/www.qureca.com\\\/fr\\\/#website\",\"url\":\"https:\\\/\\\/www.qureca.com\\\/fr\\\/\",\"name\":\"QURECA\",\"description\":\"Ressources et carri\u00e8res quantiques\",\"potentialAction\":[{\"@type\":\"SearchAction\",\"target\":{\"@type\":\"EntryPoint\",\"urlTemplate\":\"https:\\\/\\\/www.qureca.com\\\/fr\\\/?s={search_term_string}\"},\"query-input\":{\"@type\":\"PropertyValueSpecification\",\"valueRequired\":true,\"valueName\":\"search_term_string\"}}],\"inLanguage\":\"fr-FR\"}]}<\/script>\n<!-- \/ Yoast SEO plugin. -->","yoast_head_json":{"title":"Cours et formations en ligne - Qureca","robots":{"index":"index","follow":"follow","max-snippet":"max-snippet:-1","max-image-preview":"max-image-preview:large","max-video-preview":"max-video-preview:-1"},"canonical":"https:\/\/www.qureca.com\/fr\/formation-quantique\/online-training-courses\/","og_locale":"fr_FR","og_type":"article","og_title":"Cours et formations en ligne - Qureca","og_url":"https:\/\/www.qureca.com\/fr\/formation-quantique\/online-training-courses\/","og_site_name":"Qureca","article_modified_time":"2024-07-11T17:29:32+00:00","og_image":[{"width":1200,"height":628,"url":"https:\/\/www.qureca.com\/wp-content\/uploads\/2024\/04\/QURECA-we-speak-quantum.png","type":"image\/png"}],"twitter_card":"summary_large_image","twitter_misc":{"Dur\u00e9e de lecture estim\u00e9e":"2 minutes"},"schema":{"@context":"https:\/\/schema.org","@graph":[{"@type":"WebPage","@id":"https:\/\/www.qureca.com\/fr\/formation-quantique\/online-training-courses\/","url":"https:\/\/www.qureca.com\/fr\/formation-quantique\/online-training-courses\/","name":"Cours et formations en ligne - Qureca","isPartOf":{"@id":"https:\/\/www.qureca.com\/fr\/#website"},"primaryImageOfPage":{"@id":"https:\/\/www.qureca.com\/fr\/formation-quantique\/online-training-courses\/#primaryimage"},"image":{"@id":"https:\/\/www.qureca.com\/fr\/formation-quantique\/online-training-courses\/#primaryimage"},"thumbnailUrl":"https:\/\/www.qureca.com\/wp-content\/uploads\/2024\/04\/QURECA-we-speak-quantum.png","datePublished":"2024-07-11T17:28:45+00:00","dateModified":"2024-07-11T17:29:32+00:00","breadcrumb":{"@id":"https:\/\/www.qureca.com\/fr\/formation-quantique\/online-training-courses\/#breadcrumb"},"inLanguage":"fr-FR","potentialAction":[{"@type":"ReadAction","target":["https:\/\/www.qureca.com\/fr\/formation-quantique\/online-training-courses\/"]}]},{"@type":"ImageObject","inLanguage":"fr-FR","@id":"https:\/\/www.qureca.com\/fr\/formation-quantique\/online-training-courses\/#primaryimage","url":"https:\/\/www.qureca.com\/wp-content\/uploads\/2024\/04\/QURECA-we-speak-quantum.png","contentUrl":"https:\/\/www.qureca.com\/wp-content\/uploads\/2024\/04\/QURECA-we-speak-quantum.png","width":1200,"height":628},{"@type":"BreadcrumbList","@id":"https:\/\/www.qureca.com\/fr\/formation-quantique\/online-training-courses\/#breadcrumb","itemListElement":[{"@type":"ListItem","position":1,"name":"Accueil","item":"https:\/\/www.qureca.com\/fr\/"},{"@type":"ListItem","position":2,"name":"Formation quantique","item":"https:\/\/www.qureca.com\/fr\/formation-quantique\/"},{"@type":"ListItem","position":3,"name":"Cours et formations en ligne"}]},{"@type":"WebSite","@id":"https:\/\/www.qureca.com\/fr\/#website","url":"https:\/\/www.qureca.com\/fr\/","name":"QURECA","description":"Ressources et carri\u00e8res quantiques","potentialAction":[{"@type":"SearchAction","target":{"@type":"EntryPoint","urlTemplate":"https:\/\/www.qureca.com\/fr\/?s={search_term_string}"},"query-input":{"@type":"PropertyValueSpecification","valueRequired":true,"valueName":"search_term_string"}}],"inLanguage":"fr-FR"}]}},"ticketed":false,"_links":{"self":[{"href":"https:\/\/www.qureca.com\/fr\/wp-json\/wp\/v2\/pages\/24145","targetHints":{"allow":["GET"]}}],"collection":[{"href":"https:\/\/www.qureca.com\/fr\/wp-json\/wp\/v2\/pages"}],"about":[{"href":"https:\/\/www.qureca.com\/fr\/wp-json\/wp\/v2\/types\/page"}],"author":[{"embeddable":true,"href":"https:\/\/www.qureca.com\/fr\/wp-json\/wp\/v2\/users\/10"}],"replies":[{"embeddable":true,"href":"https:\/\/www.qureca.com\/fr\/wp-json\/wp\/v2\/comments?post=24145"}],"version-history":[{"count":4,"href":"https:\/\/www.qureca.com\/fr\/wp-json\/wp\/v2\/pages\/24145\/revisions"}],"predecessor-version":[{"id":24162,"href":"https:\/\/www.qureca.com\/fr\/wp-json\/wp\/v2\/pages\/24145\/revisions\/24162"}],"up":[{"embeddable":true,"href":"https:\/\/www.qureca.com\/fr\/wp-json\/wp\/v2\/pages\/24128"}],"wp:featuredmedia":[{"embeddable":true,"href":"https:\/\/www.qureca.com\/fr\/wp-json\/wp\/v2\/media\/23522"}],"wp:attachment":[{"href":"https:\/\/www.qureca.com\/fr\/wp-json\/wp\/v2\/media?parent=24145"}],"curies":[{"name":"wp","href":"https:\/\/api.w.org\/{rel}","templated":true}]}}