{"id":24300,"date":"2024-07-17T14:33:38","date_gmt":"2024-07-17T14:33:38","guid":{"rendered":"https:\/\/www.qureca.com\/?page_id=24300"},"modified":"2024-12-16T12:52:01","modified_gmt":"2024-12-16T12:52:01","slug":"consultoria-profesional-e-invesigacion","status":"publish","type":"page","link":"https:\/\/www.qureca.com\/es\/consultoria-profesional-e-invesigacion\/","title":{"rendered":"Consultor\u00eda Profesional e Invesigaci\u00f3n"},"content":{"rendered":"<section class=\"l-section wpb_row height_auto full_height valign_center with_img parallax_ver parallaxdir_reversed with_shape\" id=\"acc\"><div class=\"l-section-img\" role=\"img\" aria-label=\"Imagen\" data-img-width=\"1440\" data-img-height=\"641\" style=\"background-image: url(https:\/\/www.qureca.com\/wp-content\/uploads\/2024\/01\/Business-Intelligence-QURECA.jpeg);\"><\/div><div class=\"l-section-overlay\" style=\"background:linear-gradient(155deg,rgba(3,36,48,0.629541015625),#032430)\"><\/div><div class=\"l-section-shape type_tilt pos_bottom on_front hor_flip\" style=\"height:10vmin;color:var(--color-header-middle-bg)\"><svg xmlns=\"http:\/\/www.w3.org\/2000\/svg\" viewBox=\"0 0 64 8\" preserveAspectRatio=\"none\" width=\"100%\" height=\"100%\">\r\n\t<path fill=\"currentColor\" d=\"M64 7.9 L64 10 L0 10 L0 0 Z\"\/>\r\n<\/svg><\/div><div class=\"l-section-h i-cf\"><div class=\"g-cols vc_row via_flex valign_middle type_boxes stacking_default\"><div class=\"vc_col-sm-8 wpb_column vc_column_container\"><div class=\"vc_column-inner us_custom_38ec8cf5\"><div class=\"wpb_wrapper\"><div class=\"wpb_text_column us_custom_9054da07 has_text_color us_animate_this\"><div class=\"wpb_wrapper\"><h1>Servicios<\/h1>\n<\/div><\/div><div class=\"w-separator size_small\"><\/div><div class=\"wpb_text_column us_custom_f45a5467 has_text_color us_animate_this\"><div class=\"wpb_wrapper\"><h4>Apoyamos tanto a empresas como a socios educativos para comprender las tecnolog\u00edas cu\u00e1nticas y permitirles mejorar su conocimiento sobre la educaci\u00f3n cu\u00e1ntica.<\/h4>\n<\/div><\/div><div class=\"w-separator size_medium\"><\/div><div class=\"w-btn-wrapper align_none\"><a class=\"w-btn us-btn-style_5\" href=\"#business\"><span class=\"w-btn-label\">Servicios Profesionales<\/span><\/a><\/div><div class=\"w-btn-wrapper align_none\"><a class=\"w-btn us-btn-style_5\" href=\"#edu\"><span class=\"w-btn-label\">Servicios de Apoyo a la Investigaci\u00f3n<\/span><\/a><\/div><\/div><\/div><\/div><div class=\"vc_col-sm-4 wpb_column vc_column_container\"><div class=\"vc_column-inner\"><div class=\"wpb_wrapper\"><\/div><\/div><\/div><\/div><\/div><\/section><section class=\"l-section wpb_row us_custom_8a398476 height_medium\" id=\"business\"><div class=\"l-section-h i-cf\"><div class=\"g-cols vc_row via_flex valign_middle type_default stacking_default\"><div class=\"vc_col-sm-12 wpb_column vc_column_container\"><div class=\"vc_column-inner\"><div class=\"wpb_wrapper\"><div class=\"wpb_text_column us_custom_2c45f91b\"><div class=\"wpb_wrapper\"><h2 style=\"text-align: center;\">Servicios Profesionales<\/h2>\n<\/div><\/div><div class=\"w-separator size_medium\"><\/div><div class=\"w-separator size_medium\"><\/div><div class=\"g-cols wpb_row via_flex valign_top type_default stacking_default\" style=\"--additional-gap:1rem;\"><div class=\"vc_col-sm-4 wpb_column vc_column_container has_bg_color\"><div class=\"vc_column-inner us_custom_1af942f4\"><div class=\"wpb_wrapper\"><div class=\"wpb_text_column\"><div class=\"wpb_wrapper\"><h4>Desarrollo Empresarial<\/h4>\n<p>QURECA ofrece apoyo profesional a startups y empresas, ayud\u00e1ndolas a convertirse en l\u00edderes en el campo de las tecnolog\u00edas cu\u00e1nticas.<\/p>\n<\/div><\/div><div class=\"w-btn-wrapper align_center\"><a class=\"w-btn us-btn-style_1\" href=\"\/services\/professional-services\/#biz-dev\"><span class=\"w-btn-label\">Leer M\u00e1s<\/span><\/a><\/div><\/div><\/div><\/div><div class=\"vc_col-sm-4 wpb_column vc_column_container has_bg_color\"><div class=\"vc_column-inner us_custom_1af942f4\"><div class=\"wpb_wrapper\"><div class=\"wpb_text_column\"><div class=\"wpb_wrapper\"><h4>Inteligencia Empresarial<\/h4>\n<p>QURECA apoya a las empresas a construir su estrategia en el campo de las tecnolog\u00edas cu\u00e1nticas.<\/p>\n<\/div><\/div><div class=\"w-btn-wrapper align_center\"><a class=\"w-btn us-btn-style_1\" href=\"\/services\/professional-services\/#biz-int\"><span class=\"w-btn-label\">Leer M\u00e1s<\/span><\/a><\/div><\/div><\/div><\/div><div class=\"vc_col-sm-4 wpb_column vc_column_container has_bg_color\"><div class=\"vc_column-inner us_custom_1af942f4\"><div class=\"wpb_wrapper\"><div class=\"wpb_text_column\"><div class=\"wpb_wrapper\"><h4>Formaci\u00f3n Personalizada<\/h4>\n<p>Junto con nuestros socios expertos, desarrollamos una amplia gama de programas de formaci\u00f3n para prepararte a ti y a tu empresa para el mundo cu\u00e1ntico.<\/p>\n<\/div><\/div><div class=\"w-btn-wrapper align_center\"><a class=\"w-btn us-btn-style_1\" href=\"http:\/\/www.qureca.com\/training\/customised-training\/\"><span class=\"w-btn-label\">Leer M\u00e1s<\/span><\/a><\/div><\/div><\/div><\/div><\/div><\/div><\/div><\/div><\/div><\/div><\/section><section class=\"l-section wpb_row us_custom_1c419ff1 height_medium with_shape\" id=\"edu\"><div class=\"l-section-shape type_tilt pos_top\" style=\"height:10vmin;\"><svg xmlns=\"http:\/\/www.w3.org\/2000\/svg\" viewBox=\"0 0 64 8\" preserveAspectRatio=\"none\" width=\"100%\" height=\"100%\">\r\n\t<path fill=\"currentColor\" d=\"M64 7.9 L64 10 L0 10 L0 0 Z\"\/>\r\n<\/svg><\/div><div class=\"l-section-shape type_tilt pos_bottom hor_flip\" style=\"height:10vmin;color:#ffffff\"><svg xmlns=\"http:\/\/www.w3.org\/2000\/svg\" viewBox=\"0 0 64 8\" preserveAspectRatio=\"none\" width=\"100%\" height=\"100%\">\r\n\t<path fill=\"currentColor\" d=\"M64 7.9 L64 10 L0 10 L0 0 Z\"\/>\r\n<\/svg><\/div><div class=\"l-section-h i-cf\"><div class=\"g-cols vc_row via_flex valign_middle type_default stacking_default\"><div class=\"vc_col-sm-12 wpb_column vc_column_container\"><div class=\"vc_column-inner\"><div class=\"wpb_wrapper\"><div class=\"wpb_text_column us_custom_2c45f91b\"><div class=\"wpb_wrapper\"><h2 style=\"text-align: center;\">Servicios de Apoyo a la Investigaci\u00f3n<\/h2>\n<\/div><\/div><div class=\"w-separator size_medium\"><\/div><div class=\"w-separator size_medium\"><\/div><div class=\"g-cols wpb_row via_flex valign_top type_default stacking_default\" style=\"--additional-gap:1rem;\"><div class=\"vc_col-sm-6 wpb_column vc_column_container has_bg_color\"><div class=\"vc_column-inner us_custom_ce8a15c5\"><div class=\"wpb_wrapper\"><div class=\"wpb_text_column\"><div class=\"wpb_wrapper\"><h4>Investigaci\u00f3n de Mercado<\/h4>\n<p>Para entender c\u00f3mo se puede aplicar la cu\u00e1ntica a tu negocio, QURECA se conecta con investigadores de todo el mundo, fomentando la innovaci\u00f3n y avanzando en la vanguardia de este campo de vanguardia.<\/p>\n<\/div><\/div><div class=\"w-btn-wrapper align_center\"><a class=\"w-btn us-btn-style_1\" href=\"\/services\/educational-services\/#research-support\"><span class=\"w-btn-label\">Leer M\u00e1s<\/span><\/a><\/div><\/div><\/div><\/div><div class=\"vc_col-sm-6 wpb_column vc_column_container has_bg_color\"><div class=\"vc_column-inner us_custom_ce8a15c5\"><div class=\"wpb_wrapper\"><div class=\"wpb_text_column\"><div class=\"wpb_wrapper\"><h4>Exploraci\u00f3n y Evaluaci\u00f3n Tecnol\u00f3gica<\/h4>\n<p>Nos especializamos en desglosar los \u00faltimos avances, evaluar su relevancia y proporcionar ideas estrat\u00e9gicas para tu organizaci\u00f3n.<\/p>\n<\/div><\/div><div class=\"w-btn-wrapper align_center\"><a class=\"w-btn us-btn-style_1\" href=\"\/services\/educational-services\/#tech-scan\"><span class=\"w-btn-label\">Leer M\u00e1s<\/span><\/a><\/div><\/div><\/div><\/div><\/div><\/div><\/div><\/div><\/div><\/div><\/section>\n","protected":false},"excerpt":{"rendered":"Servicios Apoyamos tanto a empresas como a socios educativos para comprender las tecnolog\u00edas cu\u00e1nticas y permitirles mejorar su conocimiento sobre la educaci\u00f3n cu\u00e1ntica. Servicios ProfesionalesServicios de Apoyo a la Investigaci\u00f3nServicios...","protected":false},"author":10,"featured_media":23523,"parent":0,"menu_order":0,"comment_status":"closed","ping_status":"closed","template":"","meta":{"_acf_changed":false,"_price":"","_stock":"","_tribe_ticket_header":"","_tribe_default_ticket_provider":"","_tribe_ticket_capacity":"0","_ticket_start_date":"","_ticket_end_date":"","_tribe_ticket_show_description":"","_tribe_ticket_show_not_going":false,"_tribe_ticket_use_global_stock":"","_tribe_ticket_global_stock_level":"","_global_stock_mode":"","_global_stock_cap":"","_tribe_rsvp_for_event":"","_tribe_ticket_going_count":"","_tribe_ticket_not_going_count":"","_tribe_tickets_list":"[]","_tribe_ticket_has_attendee_info_fields":false,"footnotes":"","_tec_slr_enabled":"","_tec_slr_layout":""},"class_list":["post-24300","page","type-page","status-publish","has-post-thumbnail","hentry"],"acf":[],"yoast_head":"<!-- This site is optimized with the Yoast SEO plugin v27.5 - https:\/\/yoast.com\/product\/yoast-seo-wordpress\/ -->\n<title>Consultor\u00eda Profesional e Invesigaci\u00f3n - Qureca Spain<\/title>\n<meta name=\"robots\" content=\"index, follow, max-snippet:-1, max-image-preview:large, max-video-preview:-1\" \/>\n<link rel=\"canonical\" href=\"https:\/\/www.qureca.com\/es\/consultoria-profesional-e-invesigacion\/\" \/>\n<meta property=\"og:locale\" content=\"es_ES\" \/>\n<meta property=\"og:type\" content=\"article\" \/>\n<meta property=\"og:title\" content=\"Consultor\u00eda Profesional e Invesigaci\u00f3n - Qureca Spain\" \/>\n<meta property=\"og:url\" content=\"https:\/\/www.qureca.com\/es\/consultoria-profesional-e-invesigacion\/\" \/>\n<meta property=\"og:site_name\" content=\"Qureca Spain\" \/>\n<meta property=\"article:modified_time\" content=\"2024-12-16T12:52:01+00:00\" \/>\n<meta property=\"og:image\" content=\"https:\/\/www.qureca.com\/wp-content\/uploads\/2024\/04\/QURECA-we-speak-quantum.png\" \/>\n\t<meta property=\"og:image:width\" content=\"1200\" \/>\n\t<meta property=\"og:image:height\" content=\"628\" \/>\n\t<meta property=\"og:image:type\" content=\"image\/png\" \/>\n<meta name=\"twitter:card\" content=\"summary_large_image\" \/>\n<script type=\"application\/ld+json\" class=\"yoast-schema-graph\">{\"@context\":\"https:\\\/\\\/schema.org\",\"@graph\":[{\"@type\":\"WebPage\",\"@id\":\"https:\\\/\\\/www.qureca.com\\\/es\\\/consultoria-profesional-e-invesigacion\\\/\",\"url\":\"https:\\\/\\\/www.qureca.com\\\/es\\\/consultoria-profesional-e-invesigacion\\\/\",\"name\":\"Consultor\u00eda Profesional e Invesigaci\u00f3n - Qureca Spain\",\"isPartOf\":{\"@id\":\"https:\\\/\\\/www.qureca.com\\\/es\\\/#website\"},\"primaryImageOfPage\":{\"@id\":\"https:\\\/\\\/www.qureca.com\\\/es\\\/consultoria-profesional-e-invesigacion\\\/#primaryimage\"},\"image\":{\"@id\":\"https:\\\/\\\/www.qureca.com\\\/es\\\/consultoria-profesional-e-invesigacion\\\/#primaryimage\"},\"thumbnailUrl\":\"https:\\\/\\\/www.qureca.com\\\/wp-content\\\/uploads\\\/2024\\\/04\\\/QURECA-we-speak-quantum.png\",\"datePublished\":\"2024-07-17T14:33:38+00:00\",\"dateModified\":\"2024-12-16T12:52:01+00:00\",\"breadcrumb\":{\"@id\":\"https:\\\/\\\/www.qureca.com\\\/es\\\/consultoria-profesional-e-invesigacion\\\/#breadcrumb\"},\"inLanguage\":\"es\",\"potentialAction\":[{\"@type\":\"ReadAction\",\"target\":[\"https:\\\/\\\/www.qureca.com\\\/es\\\/consultoria-profesional-e-invesigacion\\\/\"]}]},{\"@type\":\"ImageObject\",\"inLanguage\":\"es\",\"@id\":\"https:\\\/\\\/www.qureca.com\\\/es\\\/consultoria-profesional-e-invesigacion\\\/#primaryimage\",\"url\":\"https:\\\/\\\/www.qureca.com\\\/wp-content\\\/uploads\\\/2024\\\/04\\\/QURECA-we-speak-quantum.png\",\"contentUrl\":\"https:\\\/\\\/www.qureca.com\\\/wp-content\\\/uploads\\\/2024\\\/04\\\/QURECA-we-speak-quantum.png\",\"width\":1200,\"height\":628},{\"@type\":\"BreadcrumbList\",\"@id\":\"https:\\\/\\\/www.qureca.com\\\/es\\\/consultoria-profesional-e-invesigacion\\\/#breadcrumb\",\"itemListElement\":[{\"@type\":\"ListItem\",\"position\":1,\"name\":\"Portada\",\"item\":\"https:\\\/\\\/www.qureca.com\\\/es\\\/\"},{\"@type\":\"ListItem\",\"position\":2,\"name\":\"Consultor\u00eda Profesional e Invesigaci\u00f3n\"}]},{\"@type\":\"WebSite\",\"@id\":\"https:\\\/\\\/www.qureca.com\\\/es\\\/#website\",\"url\":\"https:\\\/\\\/www.qureca.com\\\/es\\\/\",\"name\":\"QURECA\",\"description\":\"Recursos Cu\u00e1nticos y Carreras\",\"potentialAction\":[{\"@type\":\"SearchAction\",\"target\":{\"@type\":\"EntryPoint\",\"urlTemplate\":\"https:\\\/\\\/www.qureca.com\\\/es\\\/?s={search_term_string}\"},\"query-input\":{\"@type\":\"PropertyValueSpecification\",\"valueRequired\":true,\"valueName\":\"search_term_string\"}}],\"inLanguage\":\"es\"}]}<\/script>\n<!-- \/ Yoast SEO plugin. -->","yoast_head_json":{"title":"Consultor\u00eda Profesional e Invesigaci\u00f3n - Qureca Spain","robots":{"index":"index","follow":"follow","max-snippet":"max-snippet:-1","max-image-preview":"max-image-preview:large","max-video-preview":"max-video-preview:-1"},"canonical":"https:\/\/www.qureca.com\/es\/consultoria-profesional-e-invesigacion\/","og_locale":"es_ES","og_type":"article","og_title":"Consultor\u00eda Profesional e Invesigaci\u00f3n - Qureca Spain","og_url":"https:\/\/www.qureca.com\/es\/consultoria-profesional-e-invesigacion\/","og_site_name":"Qureca Spain","article_modified_time":"2024-12-16T12:52:01+00:00","og_image":[{"width":1200,"height":628,"url":"https:\/\/www.qureca.com\/wp-content\/uploads\/2024\/04\/QURECA-we-speak-quantum.png","type":"image\/png"}],"twitter_card":"summary_large_image","schema":{"@context":"https:\/\/schema.org","@graph":[{"@type":"WebPage","@id":"https:\/\/www.qureca.com\/es\/consultoria-profesional-e-invesigacion\/","url":"https:\/\/www.qureca.com\/es\/consultoria-profesional-e-invesigacion\/","name":"Consultor\u00eda Profesional e Invesigaci\u00f3n - Qureca Spain","isPartOf":{"@id":"https:\/\/www.qureca.com\/es\/#website"},"primaryImageOfPage":{"@id":"https:\/\/www.qureca.com\/es\/consultoria-profesional-e-invesigacion\/#primaryimage"},"image":{"@id":"https:\/\/www.qureca.com\/es\/consultoria-profesional-e-invesigacion\/#primaryimage"},"thumbnailUrl":"https:\/\/www.qureca.com\/wp-content\/uploads\/2024\/04\/QURECA-we-speak-quantum.png","datePublished":"2024-07-17T14:33:38+00:00","dateModified":"2024-12-16T12:52:01+00:00","breadcrumb":{"@id":"https:\/\/www.qureca.com\/es\/consultoria-profesional-e-invesigacion\/#breadcrumb"},"inLanguage":"es","potentialAction":[{"@type":"ReadAction","target":["https:\/\/www.qureca.com\/es\/consultoria-profesional-e-invesigacion\/"]}]},{"@type":"ImageObject","inLanguage":"es","@id":"https:\/\/www.qureca.com\/es\/consultoria-profesional-e-invesigacion\/#primaryimage","url":"https:\/\/www.qureca.com\/wp-content\/uploads\/2024\/04\/QURECA-we-speak-quantum.png","contentUrl":"https:\/\/www.qureca.com\/wp-content\/uploads\/2024\/04\/QURECA-we-speak-quantum.png","width":1200,"height":628},{"@type":"BreadcrumbList","@id":"https:\/\/www.qureca.com\/es\/consultoria-profesional-e-invesigacion\/#breadcrumb","itemListElement":[{"@type":"ListItem","position":1,"name":"Portada","item":"https:\/\/www.qureca.com\/es\/"},{"@type":"ListItem","position":2,"name":"Consultor\u00eda Profesional e Invesigaci\u00f3n"}]},{"@type":"WebSite","@id":"https:\/\/www.qureca.com\/es\/#website","url":"https:\/\/www.qureca.com\/es\/","name":"QURECA","description":"Recursos Cu\u00e1nticos y Carreras","potentialAction":[{"@type":"SearchAction","target":{"@type":"EntryPoint","urlTemplate":"https:\/\/www.qureca.com\/es\/?s={search_term_string}"},"query-input":{"@type":"PropertyValueSpecification","valueRequired":true,"valueName":"search_term_string"}}],"inLanguage":"es"}]}},"ticketed":false,"_links":{"self":[{"href":"https:\/\/www.qureca.com\/es\/wp-json\/wp\/v2\/pages\/24300","targetHints":{"allow":["GET"]}}],"collection":[{"href":"https:\/\/www.qureca.com\/es\/wp-json\/wp\/v2\/pages"}],"about":[{"href":"https:\/\/www.qureca.com\/es\/wp-json\/wp\/v2\/types\/page"}],"author":[{"embeddable":true,"href":"https:\/\/www.qureca.com\/es\/wp-json\/wp\/v2\/users\/10"}],"replies":[{"embeddable":true,"href":"https:\/\/www.qureca.com\/es\/wp-json\/wp\/v2\/comments?post=24300"}],"version-history":[{"count":3,"href":"https:\/\/www.qureca.com\/es\/wp-json\/wp\/v2\/pages\/24300\/revisions"}],"predecessor-version":[{"id":25084,"href":"https:\/\/www.qureca.com\/es\/wp-json\/wp\/v2\/pages\/24300\/revisions\/25084"}],"wp:featuredmedia":[{"embeddable":true,"href":"https:\/\/www.qureca.com\/es\/wp-json\/wp\/v2\/media\/23523"}],"wp:attachment":[{"href":"https:\/\/www.qureca.com\/es\/wp-json\/wp\/v2\/media?parent=24300"}],"curies":[{"name":"wp","href":"https:\/\/api.w.org\/{rel}","templated":true}]}}