{"id":24274,"date":"2024-07-16T14:21:42","date_gmt":"2024-07-16T14:21:42","guid":{"rendered":"https:\/\/www.qureca.com\/?page_id=24274"},"modified":"2024-12-17T15:07:47","modified_gmt":"2024-12-17T15:07:47","slug":"recursos","status":"publish","type":"page","link":"https:\/\/www.qureca.com\/es\/recursos\/","title":{"rendered":"Recursos"},"content":{"rendered":"<section class=\"l-section wpb_row height_medium with_img parallax_ver parallaxdir_reversed with_shape\" id=\"acc\"><div class=\"l-section-img\" role=\"img\" aria-label=\"Imagen\" data-img-width=\"1440\" data-img-height=\"641\" style=\"background-image: url(https:\/\/www.qureca.com\/wp-content\/uploads\/2024\/01\/Business-Intelligence-QURECA.jpeg);\"><\/div><div class=\"l-section-overlay\" style=\"background:linear-gradient(155deg,rgba(3,36,48,0.629541015625),#032430)\"><\/div><div class=\"l-section-shape type_tilt pos_bottom on_front hor_flip\" style=\"height:10vmin;color:var(--color-header-middle-bg)\"><svg xmlns=\"http:\/\/www.w3.org\/2000\/svg\" viewBox=\"0 0 64 8\" preserveAspectRatio=\"none\" width=\"100%\" height=\"100%\">\r\n\t<path fill=\"currentColor\" d=\"M64 7.9 L64 10 L0 10 L0 0 Z\"\/>\r\n<\/svg><\/div><div class=\"l-section-h i-cf\"><div class=\"g-cols vc_row via_flex valign_middle type_boxes stacking_default\"><div class=\"vc_col-sm-8 wpb_column vc_column_container\"><div class=\"vc_column-inner us_custom_38ec8cf5\"><div class=\"wpb_wrapper\"><div class=\"wpb_text_column us_custom_9054da07 has_text_color us_animate_this\"><div class=\"wpb_wrapper\"><h1>Recursos<\/h1>\n<\/div><\/div><\/div><\/div><\/div><div class=\"vc_col-sm-4 wpb_column vc_column_container\"><div class=\"vc_column-inner\"><div class=\"wpb_wrapper\"><\/div><\/div><\/div><\/div><\/div><\/section><section class=\"l-section wpb_row us_custom_8a398476 height_medium\" id=\"business\"><div class=\"l-section-h i-cf\"><div class=\"g-cols vc_row via_flex valign_middle type_default stacking_default\"><div class=\"vc_col-sm-12 wpb_column vc_column_container\"><div class=\"vc_column-inner\"><div class=\"wpb_wrapper\"><div class=\"wpb_text_column us_custom_2c45f91b\"><div class=\"wpb_wrapper\"><h2 style=\"text-align: center;\">\u00a1El centro de recursos que necesitas para ser parte de la revoluci\u00f3n cu\u00e1ntica!<\/h2>\n<\/div><\/div><div class=\"w-separator size_medium\"><\/div><div class=\"w-separator size_medium\"><\/div><div class=\"g-cols wpb_row via_flex valign_top type_default stacking_default\" style=\"--additional-gap:0.5rem;\"><div class=\"vc_col-sm-6 wpb_column vc_column_container has_bg_color\"><div class=\"vc_column-inner us_custom_1af942f4\"><div class=\"wpb_wrapper\"><div class=\"wpb_text_column\"><div class=\"wpb_wrapper\"><h4>Papers de QURECA<\/h4>\n<p>Lee nuestros \u00faltimos papers sobre Quantum.<\/p>\n<\/div><\/div><div class=\"w-btn-wrapper align_center\"><a class=\"w-btn us-btn-style_1\" href=\"\/resources\/qureca-papers\/\"><span class=\"w-btn-label\">Leer m\u00e1s<\/span><\/a><\/div><\/div><\/div><\/div><div class=\"vc_col-sm-6 wpb_column vc_column_container has_bg_color\"><div class=\"vc_column-inner us_custom_1af942f4\"><div class=\"wpb_wrapper\"><div class=\"wpb_text_column\"><div class=\"wpb_wrapper\"><h4>Eventos<\/h4>\n<p>\u00a1Consulta el calendario de eventos con todos los eventos en Quantum!<\/p>\n<\/div><\/div><div class=\"w-btn-wrapper align_center\"><a class=\"w-btn us-btn-style_1\" href=\"\/events-calendar\/\"><span class=\"w-btn-label\">Leer m\u00e1s<\/span><\/a><\/div><\/div><\/div><\/div><\/div><\/div><\/div><\/div><\/div><\/div><\/section><section class=\"l-section wpb_row us_custom_93acb4c1 has_text_color height_medium with_shape\" id=\"edu\"><div class=\"l-section-shape type_tilt pos_top\" style=\"height:10vmin;\"><svg xmlns=\"http:\/\/www.w3.org\/2000\/svg\" viewBox=\"0 0 64 8\" preserveAspectRatio=\"none\" width=\"100%\" height=\"100%\">\r\n\t<path fill=\"currentColor\" d=\"M64 7.9 L64 10 L0 10 L0 0 Z\"\/>\r\n<\/svg><\/div><div class=\"l-section-shape type_tilt pos_bottom hor_flip\" style=\"height:10vmin;color:#ffffff\"><svg xmlns=\"http:\/\/www.w3.org\/2000\/svg\" viewBox=\"0 0 64 8\" preserveAspectRatio=\"none\" width=\"100%\" height=\"100%\">\r\n\t<path fill=\"currentColor\" d=\"M64 7.9 L64 10 L0 10 L0 0 Z\"\/>\r\n<\/svg><\/div><div class=\"l-section-h i-cf\"><div class=\"g-cols vc_row via_flex valign_middle type_default stacking_default\"><div class=\"vc_col-sm-12 wpb_column vc_column_container\"><div class=\"vc_column-inner\"><div class=\"wpb_wrapper\"><div class=\"wpb_text_column us_custom_2c45f91b\"><div class=\"wpb_wrapper\"><h2 style=\"text-align: center;\">\u00bfFalta algo?<\/h2>\n<\/div><\/div><div class=\"w-separator size_medium\"><\/div><div class=\"w-btn-wrapper align_center\"><a class=\"w-btn us-btn-style_5\" href=\"\/contact\/\"><span class=\"w-btn-label\">\u00a1H\u00e1znoslo saber!<\/span><\/a><\/div><\/div><\/div><\/div><\/div><\/div><\/section>\n","protected":false},"excerpt":{"rendered":"Recursos \u00a1El centro de recursos que necesitas para ser parte de la revoluci\u00f3n cu\u00e1ntica! Papers de QURECA Lee nuestros \u00faltimos papers sobre Quantum. Leer m\u00e1s Eventos \u00a1Consulta el calendario de...","protected":false},"author":10,"featured_media":23523,"parent":0,"menu_order":0,"comment_status":"closed","ping_status":"closed","template":"","meta":{"_acf_changed":false,"_price":"","_stock":"","_tribe_ticket_header":"","_tribe_default_ticket_provider":"","_tribe_ticket_capacity":"0","_ticket_start_date":"","_ticket_end_date":"","_tribe_ticket_show_description":"","_tribe_ticket_show_not_going":false,"_tribe_ticket_use_global_stock":"","_tribe_ticket_global_stock_level":"","_global_stock_mode":"","_global_stock_cap":"","_tribe_rsvp_for_event":"","_tribe_ticket_going_count":"","_tribe_ticket_not_going_count":"","_tribe_tickets_list":"[]","_tribe_ticket_has_attendee_info_fields":false,"footnotes":"","_tec_slr_enabled":"","_tec_slr_layout":""},"class_list":["post-24274","page","type-page","status-publish","has-post-thumbnail","hentry"],"acf":[],"yoast_head":"<!-- This site is optimized with the Yoast SEO plugin v27.5 - https:\/\/yoast.com\/product\/yoast-seo-wordpress\/ -->\n<title>Recursos - Qureca Spain<\/title>\n<meta name=\"robots\" content=\"index, follow, max-snippet:-1, max-image-preview:large, max-video-preview:-1\" \/>\n<link rel=\"canonical\" href=\"https:\/\/www.qureca.com\/es\/recursos\/\" \/>\n<meta property=\"og:locale\" content=\"es_ES\" \/>\n<meta property=\"og:type\" content=\"article\" \/>\n<meta property=\"og:title\" content=\"Recursos - Qureca Spain\" \/>\n<meta property=\"og:url\" content=\"https:\/\/www.qureca.com\/es\/recursos\/\" \/>\n<meta property=\"og:site_name\" content=\"Qureca Spain\" \/>\n<meta property=\"article:modified_time\" content=\"2024-12-17T15:07:47+00:00\" \/>\n<meta property=\"og:image\" content=\"https:\/\/www.qureca.com\/wp-content\/uploads\/2024\/04\/QURECA-we-speak-quantum.png\" \/>\n\t<meta property=\"og:image:width\" content=\"1200\" \/>\n\t<meta property=\"og:image:height\" content=\"628\" \/>\n\t<meta property=\"og:image:type\" content=\"image\/png\" \/>\n<meta name=\"twitter:card\" content=\"summary_large_image\" \/>\n<meta name=\"twitter:label1\" content=\"Tiempo de lectura\" \/>\n\t<meta name=\"twitter:data1\" content=\"1 minuto\" \/>\n<script type=\"application\/ld+json\" class=\"yoast-schema-graph\">{\"@context\":\"https:\\\/\\\/schema.org\",\"@graph\":[{\"@type\":\"WebPage\",\"@id\":\"https:\\\/\\\/www.qureca.com\\\/es\\\/recursos\\\/\",\"url\":\"https:\\\/\\\/www.qureca.com\\\/es\\\/recursos\\\/\",\"name\":\"Recursos - Qureca Spain\",\"isPartOf\":{\"@id\":\"https:\\\/\\\/www.qureca.com\\\/es\\\/#website\"},\"primaryImageOfPage\":{\"@id\":\"https:\\\/\\\/www.qureca.com\\\/es\\\/recursos\\\/#primaryimage\"},\"image\":{\"@id\":\"https:\\\/\\\/www.qureca.com\\\/es\\\/recursos\\\/#primaryimage\"},\"thumbnailUrl\":\"https:\\\/\\\/www.qureca.com\\\/wp-content\\\/uploads\\\/2024\\\/04\\\/QURECA-we-speak-quantum.png\",\"datePublished\":\"2024-07-16T14:21:42+00:00\",\"dateModified\":\"2024-12-17T15:07:47+00:00\",\"breadcrumb\":{\"@id\":\"https:\\\/\\\/www.qureca.com\\\/es\\\/recursos\\\/#breadcrumb\"},\"inLanguage\":\"es\",\"potentialAction\":[{\"@type\":\"ReadAction\",\"target\":[\"https:\\\/\\\/www.qureca.com\\\/es\\\/recursos\\\/\"]}]},{\"@type\":\"ImageObject\",\"inLanguage\":\"es\",\"@id\":\"https:\\\/\\\/www.qureca.com\\\/es\\\/recursos\\\/#primaryimage\",\"url\":\"https:\\\/\\\/www.qureca.com\\\/wp-content\\\/uploads\\\/2024\\\/04\\\/QURECA-we-speak-quantum.png\",\"contentUrl\":\"https:\\\/\\\/www.qureca.com\\\/wp-content\\\/uploads\\\/2024\\\/04\\\/QURECA-we-speak-quantum.png\",\"width\":1200,\"height\":628},{\"@type\":\"BreadcrumbList\",\"@id\":\"https:\\\/\\\/www.qureca.com\\\/es\\\/recursos\\\/#breadcrumb\",\"itemListElement\":[{\"@type\":\"ListItem\",\"position\":1,\"name\":\"Portada\",\"item\":\"https:\\\/\\\/www.qureca.com\\\/es\\\/\"},{\"@type\":\"ListItem\",\"position\":2,\"name\":\"Recursos\"}]},{\"@type\":\"WebSite\",\"@id\":\"https:\\\/\\\/www.qureca.com\\\/es\\\/#website\",\"url\":\"https:\\\/\\\/www.qureca.com\\\/es\\\/\",\"name\":\"QURECA\",\"description\":\"Recursos Cu\u00e1nticos y Carreras\",\"potentialAction\":[{\"@type\":\"SearchAction\",\"target\":{\"@type\":\"EntryPoint\",\"urlTemplate\":\"https:\\\/\\\/www.qureca.com\\\/es\\\/?s={search_term_string}\"},\"query-input\":{\"@type\":\"PropertyValueSpecification\",\"valueRequired\":true,\"valueName\":\"search_term_string\"}}],\"inLanguage\":\"es\"}]}<\/script>\n<!-- \/ Yoast SEO plugin. -->","yoast_head_json":{"title":"Recursos - Qureca Spain","robots":{"index":"index","follow":"follow","max-snippet":"max-snippet:-1","max-image-preview":"max-image-preview:large","max-video-preview":"max-video-preview:-1"},"canonical":"https:\/\/www.qureca.com\/es\/recursos\/","og_locale":"es_ES","og_type":"article","og_title":"Recursos - Qureca Spain","og_url":"https:\/\/www.qureca.com\/es\/recursos\/","og_site_name":"Qureca Spain","article_modified_time":"2024-12-17T15:07:47+00:00","og_image":[{"width":1200,"height":628,"url":"https:\/\/www.qureca.com\/wp-content\/uploads\/2024\/04\/QURECA-we-speak-quantum.png","type":"image\/png"}],"twitter_card":"summary_large_image","twitter_misc":{"Tiempo de lectura":"1 minuto"},"schema":{"@context":"https:\/\/schema.org","@graph":[{"@type":"WebPage","@id":"https:\/\/www.qureca.com\/es\/recursos\/","url":"https:\/\/www.qureca.com\/es\/recursos\/","name":"Recursos - Qureca Spain","isPartOf":{"@id":"https:\/\/www.qureca.com\/es\/#website"},"primaryImageOfPage":{"@id":"https:\/\/www.qureca.com\/es\/recursos\/#primaryimage"},"image":{"@id":"https:\/\/www.qureca.com\/es\/recursos\/#primaryimage"},"thumbnailUrl":"https:\/\/www.qureca.com\/wp-content\/uploads\/2024\/04\/QURECA-we-speak-quantum.png","datePublished":"2024-07-16T14:21:42+00:00","dateModified":"2024-12-17T15:07:47+00:00","breadcrumb":{"@id":"https:\/\/www.qureca.com\/es\/recursos\/#breadcrumb"},"inLanguage":"es","potentialAction":[{"@type":"ReadAction","target":["https:\/\/www.qureca.com\/es\/recursos\/"]}]},{"@type":"ImageObject","inLanguage":"es","@id":"https:\/\/www.qureca.com\/es\/recursos\/#primaryimage","url":"https:\/\/www.qureca.com\/wp-content\/uploads\/2024\/04\/QURECA-we-speak-quantum.png","contentUrl":"https:\/\/www.qureca.com\/wp-content\/uploads\/2024\/04\/QURECA-we-speak-quantum.png","width":1200,"height":628},{"@type":"BreadcrumbList","@id":"https:\/\/www.qureca.com\/es\/recursos\/#breadcrumb","itemListElement":[{"@type":"ListItem","position":1,"name":"Portada","item":"https:\/\/www.qureca.com\/es\/"},{"@type":"ListItem","position":2,"name":"Recursos"}]},{"@type":"WebSite","@id":"https:\/\/www.qureca.com\/es\/#website","url":"https:\/\/www.qureca.com\/es\/","name":"QURECA","description":"Recursos Cu\u00e1nticos y Carreras","potentialAction":[{"@type":"SearchAction","target":{"@type":"EntryPoint","urlTemplate":"https:\/\/www.qureca.com\/es\/?s={search_term_string}"},"query-input":{"@type":"PropertyValueSpecification","valueRequired":true,"valueName":"search_term_string"}}],"inLanguage":"es"}]}},"ticketed":false,"_links":{"self":[{"href":"https:\/\/www.qureca.com\/es\/wp-json\/wp\/v2\/pages\/24274","targetHints":{"allow":["GET"]}}],"collection":[{"href":"https:\/\/www.qureca.com\/es\/wp-json\/wp\/v2\/pages"}],"about":[{"href":"https:\/\/www.qureca.com\/es\/wp-json\/wp\/v2\/types\/page"}],"author":[{"embeddable":true,"href":"https:\/\/www.qureca.com\/es\/wp-json\/wp\/v2\/users\/10"}],"replies":[{"embeddable":true,"href":"https:\/\/www.qureca.com\/es\/wp-json\/wp\/v2\/comments?post=24274"}],"version-history":[{"count":4,"href":"https:\/\/www.qureca.com\/es\/wp-json\/wp\/v2\/pages\/24274\/revisions"}],"predecessor-version":[{"id":25175,"href":"https:\/\/www.qureca.com\/es\/wp-json\/wp\/v2\/pages\/24274\/revisions\/25175"}],"wp:featuredmedia":[{"embeddable":true,"href":"https:\/\/www.qureca.com\/es\/wp-json\/wp\/v2\/media\/23523"}],"wp:attachment":[{"href":"https:\/\/www.qureca.com\/es\/wp-json\/wp\/v2\/media?parent=24274"}],"curies":[{"name":"wp","href":"https:\/\/api.w.org\/{rel}","templated":true}]}}